{"id":605,"date":"2019-10-29T11:15:16","date_gmt":"2019-10-29T10:15:16","guid":{"rendered":"https:\/\/www.gartenhaus-harz.de\/wp\/?page_id=605"},"modified":"2022-12-13T11:08:28","modified_gmt":"2022-12-13T10:08:28","slug":"agbs","status":"publish","type":"page","link":"https:\/\/www.gartenhaus-harz.de\/wp\/agbs\/","title":{"rendered":"AGBs"},"content":{"rendered":"<p>Wir verweisen auf die AGBs der Dehoga:<\/p>\n<p><strong>ALLGEMEINE GESCH\u00c4FTSBEDINGUNGEN F\u00dcR DEN HOTELAUFNAHMEVERTRAG, \u201cDas Gartenhaus\u201c<\/strong><\/p>\n<p>Siehe auch Buchungsbestimmungen und Hausordnung des Gartenhauses<\/p>\n<p><strong>I. Geltungsbereich<\/strong><\/p>\n<p>1. Diese Gesch\u00e4ftsbedinqungen gelten f\u00fcr Vertr\u00e4ge \u00fcber die mietweise \u00dcberlassung von Hotelzimmern zur Beherbergung, sowie alle f\u00fcr den Kunden erbrachten weiteren Leistungen und Lieferungen des Hotels.<\/p>\n<p>2. Die Unter- oder Weitervermietung der \u00fcberlassenen Zimmer sowie deren Nutzung zu anderen als Beherbergungszwecken bed\u00fcrfen der vorherigen schriftlichen Zustimmung des Hotels, wobei \u00a7 540 Abs. 1 Satz 2 BGB abbedungen wird, soweit der Kunde nicht Verbraucher ist.<\/p>\n<p>3. Gesch\u00e4ftsbedingungen des Kunden finden nur Anwendung, wenn dies vorher ausdr\u00fccklich schriftlich vereinbart wurde.<\/p>\n<p>&nbsp;<\/p>\n<p><strong>II. Vertragsabschluss, -partner; Verj\u00e4hrung<\/strong><\/p>\n<p>1. Der Vertrag kommt durch die Annahme des Antrags des Kunden durch das Hotel zustande. Dem Hotel steht es frei, die Zimmerbuchung schriftlich zu best\u00e4tigen.<\/p>\n<p>2. Vertragspartner sind das Hotel und der Kunde. Hat ein Dritter f\u00fcr den Kunden bestellt, haftet er dem Hotel gegen\u00fcber zusammen mit dem Kunden als Gesamtschuldner f\u00fcr alle Verpflichtungen aus dem Hotelaufnahmevertrag, sofern dem Hotel eine entsprechende Erkl\u00e4rung des Dritten vorliegt.<\/p>\n<p>3. Alle Anspr\u00fcche gegen das Hotel verj\u00e4hren grunds\u00e4tzlich in einem Jahr ab dem Beginn der Kenntnisabh\u00e4ngigen regelm\u00e4\u00dfigen Verj\u00e4hrungs\u00adfrist des \u00a7 199 Abs. 1 BGB. Schadensersatz\u00adanspr\u00fcche verj\u00e4hren kenntnisunabh\u00e4ngig in f\u00fcnf Jahren. Die Verj\u00e4hrungsverk\u00fcrzungen gelten nicht bei Anspr\u00fcchen, die auf einer vors\u00e4tzlichen oder grob fahrl\u00e4ssigen Pflichtverletzung des Hotels beruhen.<\/p>\n<p>&nbsp;<\/p>\n<p><strong>III. Leistungen, Preise, Zahlung, Aufrechnung<\/strong><\/p>\n<p>1. Das Hotel ist verpflichtet, die vom Kunden gebuchten Zimmer bereitzuhalten und die vereinbarten Leistungen zu erbringen.<\/p>\n<p>2. Der Kunde ist verpflichtet, die f\u00fcr die Zimmer\u00fcberlassung und die von ihm in Anspruch genommenen weiteren Leistungen geltenden bzw. vereinbarten Preise des Hotels zu zahlen. Dies gilt auch f\u00fcr vom Kunden veranlasste Leistungen und Auslagen des Hotels an Dritte.<\/p>\n<p>3. Die vereinbarten Preise schlie\u00dfen die jeweilige gesetzliche Mehrwertsteuer ein.<\/p>\n<p>4. Die Preise k\u00f6nnen vom Hotel ferner ge\u00e4ndert werden, wenn der Kunde nachtr\u00e4glich Anderungen der Anzahl der gebuchten Zimmer, der Leistung des Hotels oder der Aufenthaltsdauer der G\u00e4ste w\u00fcnscht und das Hotel dem zustimmt.<\/p>\n<p>5. Rechnungen des Hotels sind am Abreisetag ohne Abzug zu zahlen. Das Hotel ist berechtigt, aufgelaufene Forderungen jederzeit f\u00e4llig zu stellen und unverz\u00fcgliche Zahlung zu verlangen. Bei Zahlungsverzug ist das Hotel berechtigt, die jeweils geltenden gesetzlichen Verzugszinsen in H\u00f6he von derzeit 8% bzw. bei Rechtsgesch\u00e4ften, an denen ein Verbraucher beteiligt ist, in H\u00f6he von 5% \u00fcber dem Basiszinssatz zu verlangen. Dem Hotel bleibt der Nachweis eines h\u00f6heren Schadens vorbehalten.<\/p>\n<p>6. Das Hotel ist berechtigt, bei Vertragsschluss eine angemessene Vorauszahlung in Form einer Kreditkartengarantie oder Sicherheitsleistung zu verlangen. Die H\u00f6he der Vorauszahlung und die Zahlungstermine k\u00f6nnen im Vertrag schriftlich vereinbart werden.<\/p>\n<p>7. Der Kunde kann nur mit einer unstreitigen oder rechtskr\u00e4ftigen Forderung gegen\u00fcber einer Forderung des Hotels aufrechnen oder mindern.<\/p>\n<p>&nbsp;<\/p>\n<p><strong>IV. Stornierung &#8211; R\u00fccktritt des Kunden \/ Nichtinanspruchnahme der Leistungen des Hotels<\/strong><\/p>\n<p>Der Kunde kann den gebuchten Aufenthalt bis zu 30 Tagen vor Anreisetag kostenfrei stornieren.<\/p>\n<p>Ab dem 29. Tag vor Anreise fallen 80% der gebuchten Leistungen als Stornogeb\u00fchr an.<\/p>\n<p>Bei Stornierungen ab 48 Stunden vor Anreise oder Nicht-Anreise werden 100% aller gebuchten Leistungen in Rechnung gestellt.<\/p>\n<p>Reservierungen von Zimmern f\u00fcr eine Nacht sind grunds\u00e4tzlich nicht kostenfrei stornierbar. Der Gesamtbetrag f\u00fcr \u00dcbernachtung und Fr\u00fchst\u00fcck (nicht Kurtaxe) ist im Voraus zu entrichten und wird bei nicht in Anspruchnahme nicht erstattet.<\/p>\n<p>Ein R\u00fccktritt des Kunden von dem mit dem Hotel geschlossenen Vertrag bedarf der schriftlichen Zustimmung des Hotels. Erfolgt diese nicht, so ist der vereinbarte Preis aus dem Vertrag auch dann zu zahlen, wenn der Kunde vertragliche Leistungen nicht in Anspruch nimmt. Dies gilt nicht bei Verletzung der Verpflichtung des Hotels zur R\u00fccksichtnahme auf Rechte, Rechtsg\u00fcter und Interessen des Kunden, wenn diesem dadurch ein Festhalten am Vertrag nicht mehr zuzumuten ist oder ein sonstiges gesetzliches oder vertragliches R\u00fccktrittsrecht zusteht.<\/p>\n<p>Sofern zwischen dem Hotel und dem Kunden ein Termin zum kostenfreien R\u00fccktritt vom Vertrag schriftlich vereinbart wurde, kann der Kunde bis dahin vom Vertrag zur\u00fccktreten, ohne Zahlungs- oder Schadensersatzanspr\u00fcche des Hotels auszul\u00f6sen. Das R\u00fccktrittsrecht des Kunden erlischt, wenn er nicht bis zum vereinbarten Termin sein Recht zum R\u00fccktritt schriftlich gegen\u00fcber dem Hotel aus\u00fcbt.<\/p>\n<p>&nbsp;<\/p>\n<p><strong>V. R\u00fccktritt des Hotels<\/strong><\/p>\n<p>1. Sofern ein kostenfreies R\u00fccktrittsrecht des Kunden innerhalb einer bestimmten Frist schriftlich vereinbart wurde, ist das Hotel in diesem Zeitraum seinerseits berechtigt, vom Vertrag zur\u00fcckzutreten, wenn Anfragen anderer Kunden nach den vertraglich gebuchten Zimmern vorliegen und der Kunde auf R\u00fcckfrage des Hotels auf sein Recht zum R\u00fccktritt nicht verzichtet.<\/p>\n<p>2. Wird eine vereinbarte oder oben gem\u00e4\u00df Klausel III Nr. 6 verlangte Vorauszahlung auch nach Verstreichen einer vom Hotel gesetzten angemessenen Nachfrist nicht geleistet, so ist das Hotel ebenfalls zum R\u00fccktritt vom Vertrag berechtigt.<\/p>\n<p>3. Ferner ist das Hotel berechtigt, aus sachlich gerechtfertigtem Grund vom Vertrag au\u00dferordentlich zur\u00fcckzutreten, beispielsweise falls<\/p>\n<p>\u2022 h\u00f6here Gewalt oder andere vom Hotel nicht zu vertretende Umst\u00e4nde die Erf\u00fcllung des Vertrages unm\u00f6glich machen;<\/p>\n<p>\u2022 Zimmer unter irref\u00fchrender oder falscher Angabe wesentlicher Tatsachen, z.B. in der Person des Kunden oder des Zwecks, gebucht werden;<\/p>\n<p>\u2022 das Hotel begr\u00fcndeten Anlass zu der Annahme hat, dass die Inanspruchnahme der Hotelleistung den reibungslosen Gesch\u00e4ftsbetrieb, die Sicherheit oder das Ansehen des Hotels in der \u00d6ffentlichkeit gef\u00e4hrden kann, ohne dass dies dem Herrschafts- bzw. Organisationsbereich des Hotels zuzurechnen ist.<\/p>\n<p>ein Versto\u00df gegen oben Klausel 1 Nr. 2 vorliegt.<\/p>\n<p>4. Bei berechtigtem R\u00fccktritt des Hotels entsteht kein Anspruch des Kunden auf Schadensersatz.<\/p>\n<p>&nbsp;<\/p>\n<p><strong>Vl. Zimmerbereitstellung, -\u00fcbergabe und &#8211; r\u00fcckgabe<\/strong><\/p>\n<p>1. Der Kunde erwirbt keinen Anspruch auf die Bereitstellung bestimmter Zimmer. Insbesondere bei Buchungen f\u00fcr eine Nacht kann der Gast in ein anderes Zimmer mindestens der gleichen Kategorie oder h\u00f6her umgebucht werden.<\/p>\n<p>2. Gebuchte Zimmer stehen dem Kunden ab 16.00 Uhr des vereinbarten Anreisetages zur Verf\u00fcgung. Der Kunde hat keinen Anspruch auf fr\u00fchere Bereitstellung.<\/p>\n<p>3. Am vereinbarten Abreisetag sind die Zimmer dem Hotel sp\u00e4testens um 11.00 Uhr ger\u00e4umt zur Verf\u00fcgung zu stellen. Danach kann das Hotel aufgrund der versp\u00e4teten R\u00e4umung des Zimmers f\u00fcr dessen vertrags\u00fcberschreitende Nutzung bis 12.00 Uhr 50% des vollen Logispreises (Listenpreises) in Rechnung stellen, ab 12.00 Uhr 100%. Vertragliche Anspr\u00fcche des Kunden werden hierdurch nicht begr\u00fcndet. Ihm steht es frei, nachzuweisen, da\u00df dem Hotel kein oder ein wesentlich niedrigerer Anspruch auf Nutzungsentgelt entstanden ist.<\/p>\n<p>&nbsp;<\/p>\n<p><strong>V. Haftung<\/strong><\/p>\n<p>1. Das Hotel haftet mit der Sorgfalt eines ordentlichen Kaufmanns f\u00fcr seine Verpflichtungen aus dem Vertrag. Anspr\u00fcche des Kunden auf Schadensersatz sind ausgeschlossen. Hiervon ausgenommen sind Sch\u00e4den aus der Verletzung des Lebens, des K\u00f6rpers oder der Gesundheit, wenn das Hotel die Pflichtverletzung zu vertreten hat, sonstige Sch\u00e4den, die auf einer vors\u00e4tzlichen oder grob fahrl\u00e4ssigen Pflichtverletzung des Hotels beruhen und Sch\u00e4den, die auf einer vors\u00e4tzlichen oder fahrl\u00e4ssigen Verletzung von vertragstypischen Pflichten des Hotels beruhen. Einer Pflichtverletzung des Hotels steht die eines gesetzlichen Vertreters oder Erf\u00fcllungsgehilfen gleich. Sollten St\u00f6rungen oder M\u00e4ngel an den Leistungen des Hotels auftreten, wird das Hotel bei Kenntnis oder auf unverz\u00fcgliche R\u00fcge des Kunden bem\u00fcht sein, f\u00fcr Abhilfe zu sorgen. Der Kunde ist verpflichtet, das ihm Zumutbare beizutragen, um die St\u00f6rung zu beheben und einen m\u00f6glichen Schaden gering zu halten.<\/p>\n<p>2. F\u00fcr eingebrachte Sachen haftet das Hotel dem Kunden nach den gesetzlichen Bestimmungen, das ist bis zum Hundertfachen des Zimmerpreises, h\u00f6chstens \u20ac 1.000,- . Die Haftungsanspr\u00fcche erl\u00f6schen, wenn nicht der Kunde nach Erlangen der Kenntnis von Verlust, Zerst\u00f6rung oder Besch\u00e4digung unverz\u00fcglich dem Hotel Anzeige macht (\u00a7 703 BGB). F\u00fcr eine weitergehende Haftung des Hotels gelten vorstehende Nummer 1 S\u00e4tze 2 bis 4 entsprechend.<\/p>\n<p>3. Soweit dem Kunden ein Stellplatz in der Hotelgarage oder auf einem Hotelparkplatz, auch gegen Entgelt, zur Verf\u00fcgung gestellt wird, kommt dadurch kein Verwahrungsvertrag zustande. Bei Abhandenkommen oder Besch\u00e4digung auf dem Hotelgrundst\u00fcck abgestellter oder rangierter Kraftfahrzeuge und deren Inhalte haftet das Hotel nicht, au\u00dfer bei Vorsatz oder grober Fahrl\u00e4ssigkeit. Vorstehende Nummer 1 S\u00e4tze 2 bis 4 gelten entsprechend.<\/p>\n<p>4. Weckauftr\u00e4ge werden von der Hotelpension \u201cDas Gartenhaus\u201d nicht ausgef\u00fchrt.<\/p>\n<p>Nachrichten, Post und Warensendungen f\u00fcr die G\u00e4ste werden mit Sorgfalt behandelt. Das Hotel \u00fcbernimmt die Zustellung, Aufbewahrung und &#8211; auf Wunsch \u2014 gegen Entgelt die Nachsendung derselben.<\/p>\n<p>&nbsp;<\/p>\n<p><strong>VIII. Schlussbestimmungen<\/strong><\/p>\n<p>1. \u00c4nderungen oder Erg\u00e4nzungen des Vertrags, der Antragsannahme oder dieser<br \/>\nGesch\u00e4ftsbedingungen f\u00fcr die Hotelaufnahme sollen schriftlich erfolgen. Einseitige \u00c4nderungen oder Erg\u00e4nzungen durch den Kunden sind unwirksam.<\/p>\n<p>2. Erf\u00fcllungs- und Zahlungsort ist der Sitz des Hotels.<\/p>\n<p>3. Ausschlie\u00dflicher Gerichtsstand &#8211; auch f\u00fcr Scheck- und Wechselstreitigkeiten \u2014 ist im kaufm\u00e4nnischen Verkehr der Sitz des Hotels. Sofern ein Vertragspartner die Voraussetzung des \u00a7 38 Abs. 2 ZPO erf\u00fcllt und keinen allgemeinen Gerichtsstand im Inland hat, gilt als Gerichtsstand der Sitz des Hotels.<\/p>\n<p>4. Es gilt deutsches Recht. Die Anwendung des UN-Kaufrechts und des Kollisionsrechts ist ausgeschlossen.<\/p>\n<p>5. Sollten einzelne Bestimmungen dieser Allgemeinen Gesch\u00e4ftsbedingungen f\u00fcr die Hotelaufnahme unwirksam oder nichtig sein oder werden, so wird dadurch die Wirksamkeit der \u00fcbrigen Bestimmungen nicht ber\u00fchrt. Im \u00fcbrigen gelten die gesetzlichen Vorschriften.<\/p>\n<p>\u2013 Version 3.0 &#8211; Stand 12\/2022 &#8212;<\/p>\n","protected":false},"excerpt":{"rendered":"<p>Wir verweisen auf die AGBs der Dehoga: ALLGEMEINE GESCH\u00c4FTSBEDINGUNGEN F\u00dcR DEN HOTELAUFNAHMEVERTRAG, \u201cDas Gartenhaus\u201c Siehe auch Buchungsbestimmungen und Hausordnung des Gartenhauses I. Geltungsbereich 1. Diese Gesch\u00e4ftsbedinqungen gelten f\u00fcr Vertr\u00e4ge \u00fcber die mietweise \u00dcberlassung von Hotelzimmern zur Beherbergung, sowie alle f\u00fcr den Kunden erbrachten weiteren Leistungen und Lieferungen des Hotels. 2. Die Unter- oder Weitervermietung der \u00fcberlassenen Zimmer sowie deren Nutzung<\/p>\n","protected":false},"author":2,"featured_media":0,"parent":0,"menu_order":0,"comment_status":"closed","ping_status":"closed","template":"","meta":{"footnotes":""},"class_list":["post-605","page","type-page","status-publish","hentry"],"_links":{"self":[{"href":"https:\/\/www.gartenhaus-harz.de\/wp\/wp-json\/wp\/v2\/pages\/605","targetHints":{"allow":["GET"]}}],"collection":[{"href":"https:\/\/www.gartenhaus-harz.de\/wp\/wp-json\/wp\/v2\/pages"}],"about":[{"href":"https:\/\/www.gartenhaus-harz.de\/wp\/wp-json\/wp\/v2\/types\/page"}],"author":[{"embeddable":true,"href":"https:\/\/www.gartenhaus-harz.de\/wp\/wp-json\/wp\/v2\/users\/2"}],"replies":[{"embeddable":true,"href":"https:\/\/www.gartenhaus-harz.de\/wp\/wp-json\/wp\/v2\/comments?post=605"}],"version-history":[{"count":5,"href":"https:\/\/www.gartenhaus-harz.de\/wp\/wp-json\/wp\/v2\/pages\/605\/revisions"}],"predecessor-version":[{"id":1755,"href":"https:\/\/www.gartenhaus-harz.de\/wp\/wp-json\/wp\/v2\/pages\/605\/revisions\/1755"}],"wp:attachment":[{"href":"https:\/\/www.gartenhaus-harz.de\/wp\/wp-json\/wp\/v2\/media?parent=605"}],"curies":[{"name":"wp","href":"https:\/\/api.w.org\/{rel}","templated":true}]}}