{"id":446,"date":"2019-10-19T18:13:01","date_gmt":"2019-10-19T16:13:01","guid":{"rendered":"https:\/\/www.gartenhaus-harz.de\/wp\/?page_id=446"},"modified":"2020-03-01T14:27:37","modified_gmt":"2020-03-01T13:27:37","slug":"gartenhaus-tipp-harzdrenalin","status":"publish","type":"page","link":"https:\/\/www.gartenhaus-harz.de\/wp\/drum-herum\/gartenhaus-tipp-harzdrenalin\/","title":{"rendered":"Tipp: Harzdrenalin"},"content":{"rendered":"<p>3,2,1&#8230;Action!<\/p>\n<p>Fliegen Sie 120 Meter \u00fcber dem Abgrund entlang der Rappbodetalsperre, \u00fcberqueren Sie den Stausee auf der H\u00e4ngebr\u00fccke oder laufen Sie die Staumauer herunter!<\/p>\n<p>Die Profis vom Harzdrenalin-Team machen es m\u00f6glich:<\/p>\n<ul>\n<li><span style=\"font-size: 14pt;\">Megazipline<\/span><\/li>\n<li><span style=\"font-size: 14pt;\">Titan RT, die weltweit l\u00e4ngste H\u00e4ngebr\u00fccke ihrer Art<\/span><\/li>\n<li><span style=\"font-size: 14pt;\">Gigaswing<\/span><\/li>\n<li><span style=\"font-size: 14pt;\">Wallrunning<\/span><\/li>\n<li><span style=\"font-size: 14pt;\">Segway Touren<\/span><\/li>\n<\/ul>\n<p>versprechen echten Actionspa\u00df im Harz!<\/p>\n<p>&nbsp;<\/p>\n<p><img fetchpriority=\"high\" decoding=\"async\" class=\"alignnone size-medium wp-image-729\" src=\"https:\/\/www.gartenhaus-harz.de\/wp\/wp-content\/uploads\/2019\/11\/IMG_20181031_111916522_HDR-300x225.jpg\" alt=\"\" width=\"300\" height=\"225\" srcset=\"https:\/\/www.gartenhaus-harz.de\/wp\/wp-content\/uploads\/2019\/11\/IMG_20181031_111916522_HDR-300x225.jpg 300w, https:\/\/www.gartenhaus-harz.de\/wp\/wp-content\/uploads\/2019\/11\/IMG_20181031_111916522_HDR-768x576.jpg 768w, https:\/\/www.gartenhaus-harz.de\/wp\/wp-content\/uploads\/2019\/11\/IMG_20181031_111916522_HDR-1024x768.jpg 1024w\" sizes=\"(max-width: 300px) 100vw, 300px\" \/><\/p>\n<p><img decoding=\"async\" class=\"alignnone wp-image-730 size-medium\" src=\"https:\/\/www.gartenhaus-harz.de\/wp\/wp-content\/uploads\/2019\/11\/Harzdrenalin-300x169.jpg\" alt=\"\" width=\"300\" height=\"169\" srcset=\"https:\/\/www.gartenhaus-harz.de\/wp\/wp-content\/uploads\/2019\/11\/Harzdrenalin-300x169.jpg 300w, https:\/\/www.gartenhaus-harz.de\/wp\/wp-content\/uploads\/2019\/11\/Harzdrenalin-768x432.jpg 768w, https:\/\/www.gartenhaus-harz.de\/wp\/wp-content\/uploads\/2019\/11\/Harzdrenalin-1024x576.jpg 1024w\" sizes=\"(max-width: 300px) 100vw, 300px\" \/><\/p>\n<p>Alle Infos unter\u00a0<a href=\"http:\/\/www.harzdrenalin.de\/\" target=\"_blank\" rel=\"noopener noreferrer\">www.harzdrenalin.de<\/a><\/p>\n","protected":false},"excerpt":{"rendered":"<p>3,2,1&#8230;Action! Fliegen Sie 120 Meter \u00fcber dem Abgrund entlang der Rappbodetalsperre, \u00fcberqueren Sie den Stausee auf der H\u00e4ngebr\u00fccke oder laufen Sie die Staumauer herunter! Die Profis vom Harzdrenalin-Team machen es m\u00f6glich: Megazipline Titan RT, die weltweit l\u00e4ngste H\u00e4ngebr\u00fccke ihrer Art Gigaswing Wallrunning Segway Touren versprechen echten Actionspa\u00df im Harz! &nbsp; Alle Infos unter\u00a0www.harzdrenalin.de<\/p>\n","protected":false},"author":2,"featured_media":0,"parent":412,"menu_order":0,"comment_status":"closed","ping_status":"closed","template":"page-templates\/full-width-container.php","meta":{"footnotes":""},"class_list":["post-446","page","type-page","status-publish","hentry"],"_links":{"self":[{"href":"https:\/\/www.gartenhaus-harz.de\/wp\/wp-json\/wp\/v2\/pages\/446","targetHints":{"allow":["GET"]}}],"collection":[{"href":"https:\/\/www.gartenhaus-harz.de\/wp\/wp-json\/wp\/v2\/pages"}],"about":[{"href":"https:\/\/www.gartenhaus-harz.de\/wp\/wp-json\/wp\/v2\/types\/page"}],"author":[{"embeddable":true,"href":"https:\/\/www.gartenhaus-harz.de\/wp\/wp-json\/wp\/v2\/users\/2"}],"replies":[{"embeddable":true,"href":"https:\/\/www.gartenhaus-harz.de\/wp\/wp-json\/wp\/v2\/comments?post=446"}],"version-history":[{"count":8,"href":"https:\/\/www.gartenhaus-harz.de\/wp\/wp-json\/wp\/v2\/pages\/446\/revisions"}],"predecessor-version":[{"id":1084,"href":"https:\/\/www.gartenhaus-harz.de\/wp\/wp-json\/wp\/v2\/pages\/446\/revisions\/1084"}],"up":[{"embeddable":true,"href":"https:\/\/www.gartenhaus-harz.de\/wp\/wp-json\/wp\/v2\/pages\/412"}],"wp:attachment":[{"href":"https:\/\/www.gartenhaus-harz.de\/wp\/wp-json\/wp\/v2\/media?parent=446"}],"curies":[{"name":"wp","href":"https:\/\/api.w.org\/{rel}","templated":true}]}}