{"id":438,"date":"2019-10-19T18:06:41","date_gmt":"2019-10-19T16:06:41","guid":{"rendered":"https:\/\/www.gartenhaus-harz.de\/wp\/?page_id=438"},"modified":"2021-09-08T17:24:06","modified_gmt":"2021-09-08T15:24:06","slug":"gartenhaus-tipp-kyffhaeuser","status":"publish","type":"page","link":"https:\/\/www.gartenhaus-harz.de\/wp\/drum-herum\/gartenhaus-tipp-kyffhaeuser\/","title":{"rendered":"Tipp: Kyffh\u00e4user"},"content":{"rendered":"<p>&nbsp;<\/p>\n<p>ca. 45 km von Neudorf liegt das Kyffh\u00e4user Gebirge, das kleinste Mittelgebirge Deutschlands.<br \/>\nHier entdecken Sie das zweitgr\u00f6\u00dfte Denkmal Deutschlands zu Ehren von Kaiser Wilhelm I. Er hat die Barbarossasage erf\u00fcllt und den alten Rotbart erl\u00f6st, dessen H\u00f6hlendarstellung Sie an diesem Denkmal bewundern k\u00f6nnen.<br \/>\nEs erwartet Sie ein wunderbarer Ausflug, ein Einblick in den tiefsten Bergbrunnen der Welt, ein kleines Museum und bei gutem Wetter die beste Sicht \u00fcber die Auenlandschaften bis hin zum Brocken!<\/p>\n<p>Entdecken Sie in der N\u00e4he \/ in Bad Frankenhausen auch die &#8222;Sixtina des Nordens&#8220; &#8211; das beeindruckende Panorama Museum und auch die Barbarossa H\u00f6hle selbst!<\/p>\n<p><img fetchpriority=\"high\" decoding=\"async\" class=\"alignnone size-medium wp-image-745\" src=\"https:\/\/www.gartenhaus-harz.de\/wp\/wp-content\/uploads\/2019\/11\/Kyffh\u00e4user1-300x169.jpg\" alt=\"\" width=\"300\" height=\"169\" srcset=\"https:\/\/www.gartenhaus-harz.de\/wp\/wp-content\/uploads\/2019\/11\/Kyffh\u00e4user1-300x169.jpg 300w, https:\/\/www.gartenhaus-harz.de\/wp\/wp-content\/uploads\/2019\/11\/Kyffh\u00e4user1-768x432.jpg 768w, https:\/\/www.gartenhaus-harz.de\/wp\/wp-content\/uploads\/2019\/11\/Kyffh\u00e4user1-1024x576.jpg 1024w\" sizes=\"(max-width: 300px) 100vw, 300px\" \/><\/p>\n<p><img decoding=\"async\" class=\"alignnone size-medium wp-image-746\" src=\"https:\/\/www.gartenhaus-harz.de\/wp\/wp-content\/uploads\/2019\/11\/Kyffh\u00e4user2-300x169.jpg\" alt=\"\" width=\"300\" height=\"169\" srcset=\"https:\/\/www.gartenhaus-harz.de\/wp\/wp-content\/uploads\/2019\/11\/Kyffh\u00e4user2-300x169.jpg 300w, https:\/\/www.gartenhaus-harz.de\/wp\/wp-content\/uploads\/2019\/11\/Kyffh\u00e4user2-768x432.jpg 768w, https:\/\/www.gartenhaus-harz.de\/wp\/wp-content\/uploads\/2019\/11\/Kyffh\u00e4user2-1024x576.jpg 1024w\" sizes=\"(max-width: 300px) 100vw, 300px\" \/><\/p>\n<p><a href=\"http:\/\/www.kyffhaeuser-tourismus.de\/\" target=\"_blank\" rel=\"noopener noreferrer\">www.kyffhaeuser-tourismus.de<\/a><\/p>\n","protected":false},"excerpt":{"rendered":"<p>&nbsp; ca. 45 km von Neudorf liegt das Kyffh\u00e4user Gebirge, das kleinste Mittelgebirge Deutschlands. Hier entdecken Sie das zweitgr\u00f6\u00dfte Denkmal Deutschlands zu Ehren von Kaiser Wilhelm I. Er hat die Barbarossasage erf\u00fcllt und den alten Rotbart erl\u00f6st, dessen H\u00f6hlendarstellung Sie an diesem Denkmal bewundern k\u00f6nnen. Es erwartet Sie ein wunderbarer Ausflug, ein Einblick in den tiefsten Bergbrunnen der Welt, ein<\/p>\n","protected":false},"author":2,"featured_media":0,"parent":412,"menu_order":0,"comment_status":"closed","ping_status":"closed","template":"page-templates\/full-width-container.php","meta":{"footnotes":""},"class_list":["post-438","page","type-page","status-publish","hentry"],"_links":{"self":[{"href":"https:\/\/www.gartenhaus-harz.de\/wp\/wp-json\/wp\/v2\/pages\/438","targetHints":{"allow":["GET"]}}],"collection":[{"href":"https:\/\/www.gartenhaus-harz.de\/wp\/wp-json\/wp\/v2\/pages"}],"about":[{"href":"https:\/\/www.gartenhaus-harz.de\/wp\/wp-json\/wp\/v2\/types\/page"}],"author":[{"embeddable":true,"href":"https:\/\/www.gartenhaus-harz.de\/wp\/wp-json\/wp\/v2\/users\/2"}],"replies":[{"embeddable":true,"href":"https:\/\/www.gartenhaus-harz.de\/wp\/wp-json\/wp\/v2\/comments?post=438"}],"version-history":[{"count":8,"href":"https:\/\/www.gartenhaus-harz.de\/wp\/wp-json\/wp\/v2\/pages\/438\/revisions"}],"predecessor-version":[{"id":1453,"href":"https:\/\/www.gartenhaus-harz.de\/wp\/wp-json\/wp\/v2\/pages\/438\/revisions\/1453"}],"up":[{"embeddable":true,"href":"https:\/\/www.gartenhaus-harz.de\/wp\/wp-json\/wp\/v2\/pages\/412"}],"wp:attachment":[{"href":"https:\/\/www.gartenhaus-harz.de\/wp\/wp-json\/wp\/v2\/media?parent=438"}],"curies":[{"name":"wp","href":"https:\/\/api.w.org\/{rel}","templated":true}]}}