{"id":195,"date":"2019-09-28T13:57:40","date_gmt":"2019-09-28T11:57:40","guid":{"rendered":"https:\/\/www.gartenhaus-harz.de\/wp\/?page_id=195"},"modified":"2025-08-12T16:47:40","modified_gmt":"2025-08-12T14:47:40","slug":"garten-entspannung","status":"publish","type":"page","link":"https:\/\/www.gartenhaus-harz.de\/wp\/das-gartenhaus\/garten-entspannung\/","title":{"rendered":"Garten &#038; Entspannung"},"content":{"rendered":"<p>&nbsp;<\/p>\n<p><span style=\"font-size: 14pt;\"><em>Unser sch\u00f6ner Garten! <\/em><\/span><\/p>\n<p><span style=\"font-family: georgia, palatino, serif; font-size: 12pt;\">Der Garten ist unser Namensgeber &#8211; ein bisschen versteckt in 2. Reihe, abseits der Stra\u00dfe &#8211; hier finden Sie mit Sicherheit ein sch\u00f6nes Pl\u00e4tzchen.<\/span><\/p>\n<p><span style=\"font-family: georgia, palatino, serif; font-size: 12pt;\">Lassen Sie den Tag mit Fr\u00fchst\u00fcck im Garten beginnen oder am Abend mit dem Abendessen entspannt ausklingen! <\/span><\/p>\n<p><span style=\"font-family: georgia, palatino, serif; font-size: 12pt;\">Wir sind f\u00fcr Sie da und servieren Ihnen gern alles auch im Garten! <\/span><span style=\"font-family: georgia, palatino, serif; font-size: 12pt;\">\u00a0<\/span><\/p>\n<p><span style=\"font-size: 10pt;\">(Bitte beachten Sie : Der Garten ist Teil des Hotels, Selbstverpflegung ist hier leider nicht m\u00f6glich!)\u00a0<\/span><\/p>\n<p>&nbsp;<\/p>\n<p>&nbsp;<\/p>\n<p><span style=\"font-family: georgia, palatino, serif; font-size: 12pt;\">In unserem wundersch\u00f6nen Naturgarten findet jeder sein Wohlf\u00fchlpl\u00e4tzchen!<\/span><\/p>\n<div id=\"metaslider-id-1157\" style=\"max-width: 400px;\" class=\"ml-slider-3-108-0 metaslider metaslider-flex metaslider-1157 ml-slider ms-theme-default nav-hidden\" role=\"region\" aria-label=\"Garten\" data-height=\"400\" data-width=\"400\">\n    <div id=\"metaslider_container_1157\">\n        <div id=\"metaslider_1157\">\n            <ul class='slides'>\n                <li style=\"display: block; width: 100%;\" class=\"slide-1221 ms-image \" aria-roledescription=\"slide\" data-date=\"2020-06-30 18:09:35\" data-filename=\"20200526_200212-COLLAGE-1-400x400.jpg\" data-slide-type=\"image\"><img fetchpriority=\"high\" decoding=\"async\" src=\"https:\/\/www.gartenhaus-harz.de\/wp\/wp-content\/uploads\/2020\/06\/20200526_200212-COLLAGE-1-400x400.jpg\" height=\"400\" width=\"400\" alt=\"\" class=\"slider-1157 slide-1221 msDefaultImage\" title=\"20200526_200212-COLLAGE\" \/><\/li>\n                <li style=\"display: none; width: 100%;\" class=\"slide-1187 ms-image \" aria-roledescription=\"slide\" data-date=\"2020-06-04 12:51:37\" data-filename=\"Gartenneu5-scaled-400x400.jpg\" data-slide-type=\"image\"><img decoding=\"async\" src=\"https:\/\/www.gartenhaus-harz.de\/wp\/wp-content\/uploads\/2025\/08\/Gartenneu5-scaled-400x400.jpg\" height=\"400\" width=\"400\" alt=\"\" class=\"slider-1157 slide-1187 msDefaultImage\" title=\"Gartenneu5\" \/><\/li>\n                <li style=\"display: none; width: 100%;\" class=\"slide-1160 ms-image \" aria-roledescription=\"slide\" data-date=\"2020-05-29 18:04:53\" data-filename=\"Gartenneu4-scaled-400x400.jpg\" data-slide-type=\"image\"><img decoding=\"async\" src=\"https:\/\/www.gartenhaus-harz.de\/wp\/wp-content\/uploads\/2025\/08\/Gartenneu4-scaled-400x400.jpg\" height=\"400\" width=\"400\" alt=\"\" class=\"slider-1157 slide-1160 msDefaultImage\" title=\"Gartenneu4\" \/><\/li>\n                <li style=\"display: none; width: 100%;\" class=\"slide-1159 ms-image \" aria-roledescription=\"slide\" data-date=\"2020-05-29 18:04:23\" data-filename=\"IMG_20200528_114344244_HDR-scaled-400x400.jpg\" data-slide-type=\"image\"><img loading=\"lazy\" decoding=\"async\" src=\"https:\/\/www.gartenhaus-harz.de\/wp\/wp-content\/uploads\/2020\/05\/IMG_20200528_114344244_HDR-scaled-400x400.jpg\" height=\"400\" width=\"400\" alt=\"\" class=\"slider-1157 slide-1159 msDefaultImage\" title=\"IMG_20200528_114344244_HDR\" \/><\/li>\n                <li style=\"display: none; width: 100%;\" class=\"slide-1323 ms-image \" aria-roledescription=\"slide\" data-date=\"2020-09-12 15:55:19\" data-filename=\"Gartenneu2-scaled-400x400.jpg\" data-slide-type=\"image\"><img loading=\"lazy\" decoding=\"async\" src=\"https:\/\/www.gartenhaus-harz.de\/wp\/wp-content\/uploads\/2025\/08\/Gartenneu2-scaled-400x400.jpg\" height=\"400\" width=\"400\" alt=\"\" class=\"slider-1157 slide-1323 msDefaultImage\" title=\"Gartenneu2\" \/><\/li>\n                <li style=\"display: none; width: 100%;\" class=\"slide-1158 ms-image \" aria-roledescription=\"slide\" data-date=\"2020-05-29 18:04:09\" data-filename=\"IMG_20190826_171214309_HDR2-400x400.jpg\" data-slide-type=\"image\"><img loading=\"lazy\" decoding=\"async\" src=\"https:\/\/www.gartenhaus-harz.de\/wp\/wp-content\/uploads\/2019\/10\/IMG_20190826_171214309_HDR2-400x400.jpg\" height=\"400\" width=\"400\" alt=\"\" class=\"slider-1157 slide-1158 msDefaultImage\" title=\"IMG_20190826_171214309_HDR~2\" \/><\/li>\n                <li style=\"display: none; width: 100%;\" class=\"slide-1165 ms-image \" aria-roledescription=\"slide\" data-date=\"2020-05-29 18:08:05\" data-filename=\"Gartenneu3-scaled-400x400.jpg\" data-slide-type=\"image\"><img loading=\"lazy\" decoding=\"async\" src=\"https:\/\/www.gartenhaus-harz.de\/wp\/wp-content\/uploads\/2025\/08\/Gartenneu3-scaled-400x400.jpg\" height=\"400\" width=\"400\" alt=\"\" class=\"slider-1157 slide-1165 msDefaultImage\" title=\"Gartenneu3\" \/><\/li>\n                <li style=\"display: none; width: 100%;\" class=\"slide-1188 ms-image \" aria-roledescription=\"slide\" data-date=\"2020-06-04 12:52:06\" data-filename=\"Garten-Eingang-400x400.jpg\" data-slide-type=\"image\"><img loading=\"lazy\" decoding=\"async\" src=\"https:\/\/www.gartenhaus-harz.de\/wp\/wp-content\/uploads\/2025\/08\/Garten-Eingang-400x400.jpg\" height=\"400\" width=\"400\" alt=\"\" class=\"slider-1157 slide-1188 msDefaultImage\" title=\"Garten Eingang\" \/><\/li>\n                <li style=\"display: none; width: 100%;\" class=\"slide-1162 ms-image \" aria-roledescription=\"slide\" data-date=\"2020-05-29 18:05:36\" data-filename=\"IMG_20190823_151231820-400x400.jpg\" data-slide-type=\"image\"><img loading=\"lazy\" decoding=\"async\" src=\"https:\/\/www.gartenhaus-harz.de\/wp\/wp-content\/uploads\/2019\/10\/IMG_20190823_151231820-400x400.jpg\" height=\"400\" width=\"400\" alt=\"\" class=\"slider-1157 slide-1162 msDefaultImage\" title=\"IMG_20190823_151231820\" \/><\/li>\n                <li style=\"display: none; width: 100%;\" class=\"slide-1161 ms-image \" aria-roledescription=\"slide\" data-date=\"2020-05-29 18:05:15\" data-filename=\"IMG_20190823_143702422_HDR1-400x400.jpg\" data-slide-type=\"image\"><img loading=\"lazy\" decoding=\"async\" src=\"https:\/\/www.gartenhaus-harz.de\/wp\/wp-content\/uploads\/2019\/10\/IMG_20190823_143702422_HDR1-400x400.jpg\" height=\"400\" width=\"400\" alt=\"\" class=\"slider-1157 slide-1161 msDefaultImage\" title=\"IMG_20190823_143702422_HDR(1)\" \/><\/li>\n            <\/ul>\n        <\/div>\n        \n    <\/div>\n<\/div>\n<p>&nbsp;<\/p>\n<p>&nbsp;<\/p>\n<p>&nbsp;<\/p>\n","protected":false},"excerpt":{"rendered":"<p>&nbsp; Unser sch\u00f6ner Garten! Der Garten ist unser Namensgeber &#8211; ein bisschen versteckt in 2. Reihe, abseits der Stra\u00dfe &#8211; hier finden Sie mit Sicherheit ein sch\u00f6nes Pl\u00e4tzchen. Lassen Sie den Tag mit Fr\u00fchst\u00fcck im Garten beginnen oder am Abend mit dem Abendessen entspannt ausklingen! Wir sind f\u00fcr Sie da und servieren Ihnen gern alles auch im Garten! \u00a0 (Bitte<\/p>\n","protected":false},"author":2,"featured_media":0,"parent":165,"menu_order":3,"comment_status":"closed","ping_status":"closed","template":"page-templates\/full-width-container.php","meta":{"footnotes":""},"class_list":["post-195","page","type-page","status-publish","hentry"],"_links":{"self":[{"href":"https:\/\/www.gartenhaus-harz.de\/wp\/wp-json\/wp\/v2\/pages\/195","targetHints":{"allow":["GET"]}}],"collection":[{"href":"https:\/\/www.gartenhaus-harz.de\/wp\/wp-json\/wp\/v2\/pages"}],"about":[{"href":"https:\/\/www.gartenhaus-harz.de\/wp\/wp-json\/wp\/v2\/types\/page"}],"author":[{"embeddable":true,"href":"https:\/\/www.gartenhaus-harz.de\/wp\/wp-json\/wp\/v2\/users\/2"}],"replies":[{"embeddable":true,"href":"https:\/\/www.gartenhaus-harz.de\/wp\/wp-json\/wp\/v2\/comments?post=195"}],"version-history":[{"count":16,"href":"https:\/\/www.gartenhaus-harz.de\/wp\/wp-json\/wp\/v2\/pages\/195\/revisions"}],"predecessor-version":[{"id":2135,"href":"https:\/\/www.gartenhaus-harz.de\/wp\/wp-json\/wp\/v2\/pages\/195\/revisions\/2135"}],"up":[{"embeddable":true,"href":"https:\/\/www.gartenhaus-harz.de\/wp\/wp-json\/wp\/v2\/pages\/165"}],"wp:attachment":[{"href":"https:\/\/www.gartenhaus-harz.de\/wp\/wp-json\/wp\/v2\/media?parent=195"}],"curies":[{"name":"wp","href":"https:\/\/api.w.org\/{rel}","templated":true}]}}