{"id":165,"date":"2019-09-28T13:38:18","date_gmt":"2019-09-28T11:38:18","guid":{"rendered":"https:\/\/www.gartenhaus-harz.de\/wp\/?page_id=165"},"modified":"2025-08-13T08:56:42","modified_gmt":"2025-08-13T06:56:42","slug":"das-gartenhaus","status":"publish","type":"page","link":"https:\/\/www.gartenhaus-harz.de\/wp\/das-gartenhaus\/","title":{"rendered":"Das Gartenhaus"},"content":{"rendered":"<p><em><strong><span style=\"font-size: 14pt;\">Wir machen Ihnen Lust auf Harz!<\/span><\/strong><\/em><\/p>\n<p><span style=\"font-size: 12pt;\"><span style=\"font-family: georgia, palatino, serif;\">Unser kleines Hotel &#8222;Das Gartenhaus&#8220; entstand in 2 Jahren Eigenleistung <\/span><span style=\"font-family: georgia, palatino, serif;\">aus einem ca. 250 Jahre alten Stallgeb\u00e4ude im Ortskern von Neudorf. <\/span><\/span><\/p>\n<p><span style=\"font-size: 12pt;\"><span style=\"font-family: georgia, palatino, serif;\">Wir haben Altes erhalten, es mit Modernem verbunden und im M\u00e4rz 2016 er\u00f6ffnet. <\/span><span style=\"font-family: georgia, palatino, serif;\">Die Zimmer sind individuell eingerichtet, modern, hell und freundlich und unser Herzblut flie\u00dft in jedem Einzelnen. <\/span><\/span><\/p>\n<p><span style=\"font-size: 12pt;\"><span style=\"font-family: georgia, palatino, serif;\">I<\/span><\/span><span style=\"font-size: 12pt;\"><span style=\"font-family: georgia, palatino, serif;\">n famili\u00e4rer Atmosph\u00e4re verw\u00f6hnen wir Sie mit hausgemachten K\u00f6stlichkeiten aus unserer kleinen kreativen K\u00fcche, <\/span><span style=\"font-family: georgia, palatino, serif;\">die nur mit frischen, nat\u00fcrlichen und m\u00f6glichst regionalen Produkten arbeitet.\u00a0 <\/span><\/span><\/p>\n<p><span style=\"font-size: 12pt;\"><span style=\"font-family: georgia, palatino, serif;\">Damit Sie sich rundum wohlf\u00fchlen k\u00f6nnen, haben wir zahlreiche M\u00f6glichkeiten geschaffen\u00a0 <\/span><span style=\"font-family: georgia, palatino, serif;\">&#8211; so gibt es eine kleine Sitzecke mit Infos rund um den Harz &amp; B\u00fcchern, <\/span><\/span><\/p>\n<p><span style=\"font-size: 12pt;\"><span style=\"font-family: georgia, palatino, serif;\">den gem\u00fctlichen Stall, den wundersch\u00f6nen Naturgarten <\/span><span style=\"font-family: georgia, palatino, serif;\">und auch den w\u00e4rmenden Ofen in der Lobby. <\/span><\/span><\/p>\n<p><span style=\"font-size: 12pt;\"><span style=\"font-family: georgia, palatino, serif;\">Sogar an eine Hundedusche f\u00fcr unsere vierbeinigen G\u00e4ste haben wir gedacht.<br \/>\n<\/span><\/span><\/p>\n<p><span style=\"font-size: 12pt;\"><span style=\"font-family: georgia, palatino, serif;\">Besonders macht uns die Individualit\u00e4t, der Charme des Kleinen, moderner Komfort, <\/span><span style=\"font-family: georgia, palatino, serif;\">die Gem\u00fctlichkeit durch die liebevolle Einrichtung. <\/span><\/span><\/p>\n<p>&nbsp;<\/p>\n<p>Wir freuen uns auf Ihren Besuch !<\/p>\n<p>Verena und Arne Neubauer<\/p>\n<p><img decoding=\"async\" class=\"alignnone wp-image-2138\" src=\"https:\/\/www.gartenhaus-harz.de\/wp\/wp-content\/uploads\/2025\/08\/IMG_20240610_190713460_PORTRAIT5-214x300.jpg\" alt=\"\" width=\"159\" height=\"223\" srcset=\"https:\/\/www.gartenhaus-harz.de\/wp\/wp-content\/uploads\/2025\/08\/IMG_20240610_190713460_PORTRAIT5-214x300.jpg 214w, https:\/\/www.gartenhaus-harz.de\/wp\/wp-content\/uploads\/2025\/08\/IMG_20240610_190713460_PORTRAIT5-1094x1536.jpg 1094w, https:\/\/www.gartenhaus-harz.de\/wp\/wp-content\/uploads\/2025\/08\/IMG_20240610_190713460_PORTRAIT5-1458x2048.jpg 1458w, https:\/\/www.gartenhaus-harz.de\/wp\/wp-content\/uploads\/2025\/08\/IMG_20240610_190713460_PORTRAIT5-768x1079.jpg 768w, https:\/\/www.gartenhaus-harz.de\/wp\/wp-content\/uploads\/2025\/08\/IMG_20240610_190713460_PORTRAIT5-729x1024.jpg 729w, https:\/\/www.gartenhaus-harz.de\/wp\/wp-content\/uploads\/2025\/08\/IMG_20240610_190713460_PORTRAIT5-scaled.jpg 1823w\" sizes=\"(max-width: 159px) 100vw, 159px\" \/><\/p>\n<p>&nbsp;<\/p>\n<p>&nbsp;<\/p>\n<p>&nbsp;<\/p>\n<p>&nbsp;<\/p>\n<p>&nbsp;<\/p>\n<p>&nbsp;<\/p>\n<p>&nbsp;<\/p>\n<p>&nbsp;<\/p>\n","protected":false},"excerpt":{"rendered":"<p>Wir machen Ihnen Lust auf Harz! Unser kleines Hotel &#8222;Das Gartenhaus&#8220; entstand in 2 Jahren Eigenleistung aus einem ca. 250 Jahre alten Stallgeb\u00e4ude im Ortskern von Neudorf. Wir haben Altes erhalten, es mit Modernem verbunden und im M\u00e4rz 2016 er\u00f6ffnet. Die Zimmer sind individuell eingerichtet, modern, hell und freundlich und unser Herzblut flie\u00dft in jedem Einzelnen. In famili\u00e4rer Atmosph\u00e4re verw\u00f6hnen<\/p>\n","protected":false},"author":2,"featured_media":0,"parent":0,"menu_order":0,"comment_status":"closed","ping_status":"closed","template":"","meta":{"footnotes":""},"class_list":["post-165","page","type-page","status-publish","hentry"],"_links":{"self":[{"href":"https:\/\/www.gartenhaus-harz.de\/wp\/wp-json\/wp\/v2\/pages\/165","targetHints":{"allow":["GET"]}}],"collection":[{"href":"https:\/\/www.gartenhaus-harz.de\/wp\/wp-json\/wp\/v2\/pages"}],"about":[{"href":"https:\/\/www.gartenhaus-harz.de\/wp\/wp-json\/wp\/v2\/types\/page"}],"author":[{"embeddable":true,"href":"https:\/\/www.gartenhaus-harz.de\/wp\/wp-json\/wp\/v2\/users\/2"}],"replies":[{"embeddable":true,"href":"https:\/\/www.gartenhaus-harz.de\/wp\/wp-json\/wp\/v2\/comments?post=165"}],"version-history":[{"count":26,"href":"https:\/\/www.gartenhaus-harz.de\/wp\/wp-json\/wp\/v2\/pages\/165\/revisions"}],"predecessor-version":[{"id":2171,"href":"https:\/\/www.gartenhaus-harz.de\/wp\/wp-json\/wp\/v2\/pages\/165\/revisions\/2171"}],"wp:attachment":[{"href":"https:\/\/www.gartenhaus-harz.de\/wp\/wp-json\/wp\/v2\/media?parent=165"}],"curies":[{"name":"wp","href":"https:\/\/api.w.org\/{rel}","templated":true}]}}